{"id":2153,"date":"2026-02-13T15:25:15","date_gmt":"2026-02-13T15:25:15","guid":{"rendered":"https:\/\/apartamentoturisticosevilla.com\/?page_id=2153"},"modified":"2026-02-19T10:45:20","modified_gmt":"2026-02-19T10:45:20","slug":"property-management","status":"publish","type":"page","link":"https:\/\/apartamentoturisticosevilla.com\/en\/property-management\/","title":{"rendered":"Property management"},"content":{"rendered":"<section class=\"bde-section-2153-100 bde-section\">\n  \n  \n\t\n\n\n\n<div class=\"section-container\"><h1 class=\"bde-heading-2153-101 bde-heading\">\nProperty management\n<\/h1><div class=\"bde-text-2153-102 bde-text\">\nDo you own a property in Seville?\n<\/div><div class=\"bde-button-2153-125 bde-button\">\n    \n                                    \n    \n    \n    \n    \n            \n                    \n            \n            \n\n    \n    \n    \n    \n    \n    <a class=\"breakdance-link button-atom button-atom--primary bde-button__button\" href=\"#form\" target=\"_self\" data-type=\"url\"  >\n\n    \n        <span class=\"button-atom__text\">Contact us now<\/span>\n\n        \n        \n                <\/a>\n\n    \n\n\n<\/div><\/div>\n<\/section><section id=\"scroll\" class=\"bde-section-2153-103 bde-section\">\n  \n  \n\t\n\n\n\n<div class=\"section-container\"><div class=\"bde-columns-2153-104 bde-columns\"><div class=\"bde-column-2153-105 bde-column\">\n  \n  \n\t\n\n\n\n<div class=\"bde-div-2153-106 bde-div\">\n  \n  \n\t\n\n\n\n<h2 class=\"bde-heading-2153-107 bde-heading\">\nThe experts in property management in Seville\n<\/h2><div class=\"bde-text-2153-108 bde-text\">\nThanks to our property management services, we make the most of your property's potential, optimising short-term rental income. We take care of all operational details, guaranteeing high standards and carefully selected guests.\n<\/div>\n<\/div>\n<\/div><div class=\"bde-column-2153-109 bde-column\">\n  \n  \n\t\n\n\n\n<div class=\"bde-icon-box-2153-110 bde-icon-box\">\n\n    \n            <div class=\"ee-iconbox-icon breakdance-icon-atom\" >\n    \n                    <svg xmlns=\"http:\/\/www.w3.org\/2000\/svg\" viewbox=\"0 0 576 512\"><!--! Font Awesome Free 6.5.1 by @fontawesome - https:\/\/fontawesome.com License - https:\/\/fontawesome.com\/license\/free (Icons: CC BY 4.0, Fonts: SIL OFL 1.1, Code: MIT License) Copyright 2023 Fonticons, Inc. --><path d=\"M160 0c-17.7 0-32 14.3-32 32s14.3 32 32 32h50.7L9.4 265.4c-12.5 12.5-12.5 32.8 0 45.3s32.8 12.5 45.3 0L256 109.3V160c0 17.7 14.3 32 32 32s32-14.3 32-32V32c0-17.7-14.3-32-32-32H160zM576 80a48 48 0 1 0 -96 0 48 48 0 1 0 96 0zM448 208a48 48 0 1 0 -96 0 48 48 0 1 0 96 0zM400 384a48 48 0 1 0 0-96 48 48 0 1 0 0 96zm48 80a48 48 0 1 0 -96 0 48 48 0 1 0 96 0zm128 0a48 48 0 1 0 -96 0 48 48 0 1 0 96 0zM272 384a48 48 0 1 0 0-96 48 48 0 1 0 0 96zm48 80a48 48 0 1 0 -96 0 48 48 0 1 0 96 0zM144 512a48 48 0 1 0 0-96 48 48 0 1 0 0 96zM576 336a48 48 0 1 0 -96 0 48 48 0 1 0 96 0zm-48-80a48 48 0 1 0 0-96 48 48 0 1 0 0 96z\"\/><\/svg>\n        \n        \n        \n            <\/div>\n    \n\n<div class=\"ee-iconbox-content\">\n      <p class=\"ee-iconbox-title bde-h3\" >Revenue Management<\/p>\n        <div class=\"ee-iconbox-text\" >We optimise the occupancy and profitability of your property by defining the best price in each channel.<\/div>\n    <\/div>\n\n<\/div><div class=\"bde-icon-box-2153-111 bde-icon-box\">\n\n    \n            <div class=\"ee-iconbox-icon breakdance-icon-atom\" >\n    \n                    <svg xmlns=\"http:\/\/www.w3.org\/2000\/svg\" id=\"icon-key\" viewbox=\"0 0 32 32\">\n<path d=\"M22 0c-5.523 0-10 4.477-10 10 0 0.626 0.058 1.238 0.168 1.832l-12.168 12.168v6c0 1.105 0.895 2 2 2h2v-2h4v-4h4v-4h4l2.595-2.595c1.063 0.385 2.209 0.595 3.405 0.595 5.523 0 10-4.477 10-10s-4.477-10-10-10zM24.996 10.004c-1.657 0-3-1.343-3-3s1.343-3 3-3 3 1.343 3 3-1.343 3-3 3z\"\/>\n<\/svg>\n        \n        \n        \n            <\/div>\n    \n\n<div class=\"ee-iconbox-content\">\n      <p class=\"ee-iconbox-title bde-h3\" >Guest Services<\/p>\n        <div class=\"ee-iconbox-text\" >Our multilingual team assists your guests from the initial enquiry through to check-in and key handover, ensuring a seamless experience.<\/div>\n    <\/div>\n\n<\/div><div class=\"bde-icon-box-2153-112 bde-icon-box\">\n\n    \n            <div class=\"ee-iconbox-icon breakdance-icon-atom\" >\n    \n                    <svg xmlns=\"http:\/\/www.w3.org\/2000\/svg\" viewbox=\"0 0 384 512\"><!--! Font Awesome Free 6.5.1 by @fontawesome - https:\/\/fontawesome.com License - https:\/\/fontawesome.com\/license\/free (Icons: CC BY 4.0, Fonts: SIL OFL 1.1, Code: MIT License) Copyright 2023 Fonticons, Inc. --><path d=\"M64 0C28.7 0 0 28.7 0 64V448c0 35.3 28.7 64 64 64H320c35.3 0 64-28.7 64-64V160H256c-17.7 0-32-14.3-32-32V0H64zM256 0V128H384L256 0zM80 64h64c8.8 0 16 7.2 16 16s-7.2 16-16 16H80c-8.8 0-16-7.2-16-16s7.2-16 16-16zm0 64h64c8.8 0 16 7.2 16 16s-7.2 16-16 16H80c-8.8 0-16-7.2-16-16s7.2-16 16-16zm16 96H288c17.7 0 32 14.3 32 32v64c0 17.7-14.3 32-32 32H96c-17.7 0-32-14.3-32-32V256c0-17.7 14.3-32 32-32zm0 32v64H288V256H96zM240 416h64c8.8 0 16 7.2 16 16s-7.2 16-16 16H240c-8.8 0-16-7.2-16-16s7.2-16 16-16z\"\/><\/svg>\n        \n        \n        \n            <\/div>\n    \n\n<div class=\"ee-iconbox-content\">\n      <p class=\"ee-iconbox-title bde-h3\" >Administrative Support<\/p>\n        <div class=\"ee-iconbox-text\" >We handle all the necessary bureaucratic formalities and permits in your municipality, including the communication of guests' details to the local authorities.<\/div>\n    <\/div>\n\n<\/div><div class=\"bde-icon-box-2153-113 bde-icon-box\">\n\n    \n            <div class=\"ee-iconbox-icon breakdance-icon-atom\" >\n    \n                    <svg xmlns=\"http:\/\/www.w3.org\/2000\/svg\" viewbox=\"0 0 640 512\"><!--! Font Awesome Free 6.5.1 by @fontawesome - https:\/\/fontawesome.com License - https:\/\/fontawesome.com\/license\/free (Icons: CC BY 4.0, Fonts: SIL OFL 1.1, Code: MIT License) Copyright 2023 Fonticons, Inc. --><path d=\"M32 32c17.7 0 32 14.3 32 32V320H288V160c0-17.7 14.3-32 32-32H544c53 0 96 43 96 96V448c0 17.7-14.3 32-32 32s-32-14.3-32-32V416H352 320 64v32c0 17.7-14.3 32-32 32s-32-14.3-32-32V64C0 46.3 14.3 32 32 32zm144 96a80 80 0 1 1 0 160 80 80 0 1 1 0-160z\"\/><\/svg>\n        \n        \n        \n            <\/div>\n    \n\n<div class=\"ee-iconbox-content\">\n      <p class=\"ee-iconbox-title bde-h3\" >Cleaning and Laundry Service<\/p>\n        <div class=\"ee-iconbox-text\" >We offer professional cleaning and laundry services to ensure maximum comfort for your guests.<\/div>\n    <\/div>\n\n<\/div><div class=\"bde-icon-box-2153-114 bde-icon-box\">\n\n    \n            <div class=\"ee-iconbox-icon breakdance-icon-atom\" >\n    \n                    <svg xmlns=\"http:\/\/www.w3.org\/2000\/svg\" viewbox=\"0 0 640 512\"><!--! Font Awesome Free 6.5.1 by @fontawesome - https:\/\/fontawesome.com License - https:\/\/fontawesome.com\/license\/free (Icons: CC BY 4.0, Fonts: SIL OFL 1.1, Code: MIT License) Copyright 2023 Fonticons, Inc. --><path d=\"M256 0H576c35.3 0 64 28.7 64 64V288c0 35.3-28.7 64-64 64H256c-35.3 0-64-28.7-64-64V64c0-35.3 28.7-64 64-64zM476 106.7C471.5 100 464 96 456 96s-15.5 4-20 10.7l-56 84L362.7 169c-4.6-5.7-11.5-9-18.7-9s-14.2 3.3-18.7 9l-64 80c-5.8 7.2-6.9 17.1-2.9 25.4s12.4 13.6 21.6 13.6h80 48H552c8.9 0 17-4.9 21.2-12.7s3.7-17.3-1.2-24.6l-96-144zM336 96a32 32 0 1 0 -64 0 32 32 0 1 0 64 0zM64 128h96V384v32c0 17.7 14.3 32 32 32H320c17.7 0 32-14.3 32-32V384H512v64c0 35.3-28.7 64-64 64H64c-35.3 0-64-28.7-64-64V192c0-35.3 28.7-64 64-64zm8 64c-8.8 0-16 7.2-16 16v16c0 8.8 7.2 16 16 16H88c8.8 0 16-7.2 16-16V208c0-8.8-7.2-16-16-16H72zm0 104c-8.8 0-16 7.2-16 16v16c0 8.8 7.2 16 16 16H88c8.8 0 16-7.2 16-16V312c0-8.8-7.2-16-16-16H72zm0 104c-8.8 0-16 7.2-16 16v16c0 8.8 7.2 16 16 16H88c8.8 0 16-7.2 16-16V416c0-8.8-7.2-16-16-16H72zm336 16v16c0 8.8 7.2 16 16 16h16c8.8 0 16-7.2 16-16V416c0-8.8-7.2-16-16-16H424c-8.8 0-16 7.2-16 16z\"\/><\/svg>\n        \n        \n        \n            <\/div>\n    \n\n<div class=\"ee-iconbox-content\">\n      <p class=\"ee-iconbox-title bde-h3\" >Professional Photographic Service<\/p>\n        <div class=\"ee-iconbox-text\" >We collaborate with professional photographers to create photo shoots that enhance your property to the maximum.<\/div>\n    <\/div>\n\n<\/div>\n<\/div><\/div><\/div>\n<\/section><section class=\"bde-section-2153-115 bde-section\">\n  \n  \n\t\n\n\n\n<div class=\"section-container\"><div class=\"bde-columns-2153-116 bde-columns\"><div class=\"bde-column-2153-117 bde-column\">\n  \n  \n\t\n\n\n\n<h3 class=\"bde-heading-2153-118 bde-heading\">\nWhat advantages do I have as the owner of the property?\n<\/h3><div class=\"bde-icon-list-2153-119 bde-icon-list bde-icon-list--background\">\n<ul>\n  \n              \n    <li>\n              <div class='bde-icon-list__item-wrapper'>\n      \n      <span class='bde-icon-list__icon'>\n        <svg xmlns=\"http:\/\/www.w3.org\/2000\/svg\" viewbox=\"0 0 448 512\"><!--! Font Awesome Free 6.5.1 by @fontawesome - https:\/\/fontawesome.com License - https:\/\/fontawesome.com\/license\/free (Icons: CC BY 4.0, Fonts: SIL OFL 1.1, Code: MIT License) Copyright 2023 Fonticons, Inc. --><path d=\"M438.6 105.4c12.5 12.5 12.5 32.8 0 45.3l-256 256c-12.5 12.5-32.8 12.5-45.3 0l-128-128c-12.5-12.5-12.5-32.8 0-45.3s32.8-12.5 45.3 0L160 338.7 393.4 105.4c12.5-12.5 32.8-12.5 45.3 0z\"\/><\/svg>\n      <\/span>\n      <span class='bde-icon-list__text' >\n      Carefree management service and maximisation of the flat's profitability.\n      <\/span>\n              <\/div>\n      \n    <\/li>\n\n  \n              \n    <li>\n              <div class='bde-icon-list__item-wrapper'>\n      \n      <span class='bde-icon-list__icon'>\n        <svg xmlns=\"http:\/\/www.w3.org\/2000\/svg\" viewbox=\"0 0 448 512\"><!--! Font Awesome Free 6.5.1 by @fontawesome - https:\/\/fontawesome.com License - https:\/\/fontawesome.com\/license\/free (Icons: CC BY 4.0, Fonts: SIL OFL 1.1, Code: MIT License) Copyright 2023 Fonticons, Inc. --><path d=\"M438.6 105.4c12.5 12.5 12.5 32.8 0 45.3l-256 256c-12.5 12.5-32.8 12.5-45.3 0l-128-128c-12.5-12.5-12.5-32.8 0-45.3s32.8-12.5 45.3 0L160 338.7 393.4 105.4c12.5-12.5 32.8-12.5 45.3 0z\"\/><\/svg>\n      <\/span>\n      <span class='bde-icon-list__text' >\n      Complete management of the flat at operational and bureaucratic level, including cleaning services, laundry, check-in, check-out, routine maintenance and administrative formalities with document collection.\n      <\/span>\n              <\/div>\n      \n    <\/li>\n\n  \n              \n    <li>\n              <div class='bde-icon-list__item-wrapper'>\n      \n      <span class='bde-icon-list__icon'>\n        <svg xmlns=\"http:\/\/www.w3.org\/2000\/svg\" viewbox=\"0 0 448 512\"><!--! Font Awesome Free 6.5.1 by @fontawesome - https:\/\/fontawesome.com License - https:\/\/fontawesome.com\/license\/free (Icons: CC BY 4.0, Fonts: SIL OFL 1.1, Code: MIT License) Copyright 2023 Fonticons, Inc. --><path d=\"M438.6 105.4c12.5 12.5 12.5 32.8 0 45.3l-256 256c-12.5 12.5-32.8 12.5-45.3 0l-128-128c-12.5-12.5-12.5-32.8 0-45.3s32.8-12.5 45.3 0L160 338.7 393.4 105.4c12.5-12.5 32.8-12.5 45.3 0z\"\/><\/svg>\n      <\/span>\n      <span class='bde-icon-list__text' >\n      Increased supervision of the property through regular inspections at check-out, reducing overall wear and tear on the house due to the limited use of the kitchen by tourists on short stays.\n      <\/span>\n              <\/div>\n      \n    <\/li>\n\n  \n              \n    <li>\n              <div class='bde-icon-list__item-wrapper'>\n      \n      <span class='bde-icon-list__icon'>\n        <svg xmlns=\"http:\/\/www.w3.org\/2000\/svg\" viewbox=\"0 0 448 512\"><!--! Font Awesome Free 6.5.1 by @fontawesome - https:\/\/fontawesome.com License - https:\/\/fontawesome.com\/license\/free (Icons: CC BY 4.0, Fonts: SIL OFL 1.1, Code: MIT License) Copyright 2023 Fonticons, Inc. --><path d=\"M438.6 105.4c12.5 12.5 12.5 32.8 0 45.3l-256 256c-12.5 12.5-32.8 12.5-45.3 0l-128-128c-12.5-12.5-12.5-32.8 0-45.3s32.8-12.5 45.3 0L160 338.7 393.4 105.4c12.5-12.5 32.8-12.5 45.3 0z\"\/><\/svg>\n      <\/span>\n      <span class='bde-icon-list__text' >\n      Elimination of the risk related to unreliable and insolvent tenants (with a current rate of 24%) thanks to short leases that guarantee payment in advance or at the end of the service.\n      <\/span>\n              <\/div>\n      \n    <\/li>\n\n  \n              \n    <li>\n              <div class='bde-icon-list__item-wrapper'>\n      \n      <span class='bde-icon-list__icon'>\n        <svg xmlns=\"http:\/\/www.w3.org\/2000\/svg\" viewbox=\"0 0 448 512\"><!--! Font Awesome Free 6.5.1 by @fontawesome - https:\/\/fontawesome.com License - https:\/\/fontawesome.com\/license\/free (Icons: CC BY 4.0, Fonts: SIL OFL 1.1, Code: MIT License) Copyright 2023 Fonticons, Inc. --><path d=\"M438.6 105.4c12.5 12.5 12.5 32.8 0 45.3l-256 256c-12.5 12.5-32.8 12.5-45.3 0l-128-128c-12.5-12.5-12.5-32.8 0-45.3s32.8-12.5 45.3 0L160 338.7 393.4 105.4c12.5-12.5 32.8-12.5 45.3 0z\"\/><\/svg>\n      <\/span>\n      <span class='bde-icon-list__text' >\n      Maintaining the availability of the house for direct use, such as family holidays or selected periods.\n      <\/span>\n              <\/div>\n      \n    <\/li>\n\n  \n              \n    <li>\n              <div class='bde-icon-list__item-wrapper'>\n      \n      <span class='bde-icon-list__icon'>\n        <svg xmlns=\"http:\/\/www.w3.org\/2000\/svg\" viewbox=\"0 0 448 512\"><!--! Font Awesome Free 6.5.1 by @fontawesome - https:\/\/fontawesome.com License - https:\/\/fontawesome.com\/license\/free (Icons: CC BY 4.0, Fonts: SIL OFL 1.1, Code: MIT License) Copyright 2023 Fonticons, Inc. --><path d=\"M438.6 105.4c12.5 12.5 12.5 32.8 0 45.3l-256 256c-12.5 12.5-32.8 12.5-45.3 0l-128-128c-12.5-12.5-12.5-32.8 0-45.3s32.8-12.5 45.3 0L160 338.7 393.4 105.4c12.5-12.5 32.8-12.5 45.3 0z\"\/><\/svg>\n      <\/span>\n      <span class='bde-icon-list__text' >\n      Increase in the value of the property, also with a view to a possible sale, thanks to the demonstrable and recurring income that adds value to the asset.\n      <\/span>\n              <\/div>\n      \n    <\/li>\n\n  \n              \n    <li>\n              <div class='bde-icon-list__item-wrapper'>\n      \n      <span class='bde-icon-list__icon'>\n        <svg xmlns=\"http:\/\/www.w3.org\/2000\/svg\" viewbox=\"0 0 448 512\"><!--! Font Awesome Free 6.5.1 by @fontawesome - https:\/\/fontawesome.com License - https:\/\/fontawesome.com\/license\/free (Icons: CC BY 4.0, Fonts: SIL OFL 1.1, Code: MIT License) Copyright 2023 Fonticons, Inc. --><path d=\"M438.6 105.4c12.5 12.5 12.5 32.8 0 45.3l-256 256c-12.5 12.5-32.8 12.5-45.3 0l-128-128c-12.5-12.5-12.5-32.8 0-45.3s32.8-12.5 45.3 0L160 338.7 393.4 105.4c12.5-12.5 32.8-12.5 45.3 0z\"\/><\/svg>\n      <\/span>\n      <span class='bde-icon-list__text' >\n      Net tax collection, with the property manager acting as a tax substitute and managing the \"cedolare secca\" (flat rate tax) on behalf of the owner.\n      <\/span>\n              <\/div>\n      \n    <\/li>\n\n  <\/ul>\n\n<\/div>\n<\/div><div class=\"bde-column-2153-120 bde-column\">\n  \n  \n\t\n\n\n\n<div id=\"form\" class=\"bde-div-2153-121 bde-div\">\n  \n  \n\t\n\n\n\n<h3 class=\"bde-heading-2153-122 bde-heading\">\nContact us now, we will assess your situation together.\n<\/h3><div class=\"bde-text-2153-123 bde-text\">\nAll fields are mandatory.\n<\/div><div class=\"bde-form-builder-2153-124 bde-form-builder\">\n\n<form id=\"contact-form124\" class=\"breakdance-form breakdance-form--vertical\" data-options=\"{&quot;slug&quot;:&quot;custom&quot;,&quot;name&quot;:&quot;Contact Form&quot;,&quot;ajaxUrl&quot;:&quot;https:\\\/\\\/apartamentoturisticosevilla.com\\\/wp-admin\\\/admin-ajax.php&quot;,&quot;clearOnSuccess&quot;:true,&quot;hideOnSuccess&quot;:false,&quot;successMessage&quot;:&quot;\\u00a1Mensaje enviado con \\u00e9xito!&quot;,&quot;errorMessage&quot;:&quot;Algo ha salido mal, vuelve a intentarlo.&quot;,&quot;redirect&quot;:false,&quot;redirectUrl&quot;:&quot;&quot;,&quot;customJavaScript&quot;:&quot;&quot;,&quot;recaptcha&quot;:{&quot;key&quot;:&quot;&quot;,&quot;enabled&quot;:false},&quot;honeypot_enabled&quot;:false,&quot;popupsOnSuccess&quot;:[],&quot;popupsOnError&quot;:[]}\" data-steps=\"0\" action=\"\" >\n  \n  \n  \n<div class=\"breakdance-form-field breakdance-form-field--text\" >\n    \n    \n            <label class=\"breakdance-form-field__label\" for=\"name\">\n            Name<span class=\"breakdance-form-field__required\">*<\/span>\n        <\/label>\n    \n    <input\n    class=\"breakdance-form-field__input\"\n    id=\"name\"\n    aria-describedby=\"name\"\n    type=\"text\"\n    name=\"fields[name]\"\n    placeholder=\"\"\n    value=\"\"\n                \n        \n        \n    required\n>\n\n\n    \n    \n<\/div>\n\n\n<div class=\"breakdance-form-field breakdance-form-field--text\" >\n    \n    \n            <label class=\"breakdance-form-field__label\" for=\"igldzu\">\n            Surname\n        <\/label>\n    \n    <input\n    class=\"breakdance-form-field__input\"\n    id=\"igldzu\"\n    aria-describedby=\"igldzu\"\n    type=\"text\"\n    name=\"fields[igldzu]\"\n    placeholder=\"\"\n    value=\"\"\n                \n        \n        \n    \n    \n    \n    \n>\n\n\n    \n    \n<\/div>\n\n\n<div class=\"breakdance-form-field breakdance-form-field--email\" >\n    \n    \n            <label class=\"breakdance-form-field__label\" for=\"email\">\n            E-mail address<span class=\"breakdance-form-field__required\">*<\/span>\n        <\/label>\n    \n    <input\n    class=\"breakdance-form-field__input\"\n    id=\"email\"\n    aria-describedby=\"email\"\n    type=\"email\"\n    name=\"fields[email]\"\n    placeholder=\"\"\n    value=\"\"\n                \n        \n        \n    required\n>\n\n\n    \n    \n<\/div>\n\n\n<div class=\"breakdance-form-field breakdance-form-field--tel\" >\n    \n    \n            <label class=\"breakdance-form-field__label\" for=\"mnwbjw\">\n            Telephone<span class=\"breakdance-form-field__required\">*<\/span>\n        <\/label>\n    \n    <input\n    class=\"breakdance-form-field__input\"\n    id=\"mnwbjw\"\n    aria-describedby=\"mnwbjw\"\n    type=\"tel\"\n    name=\"fields[mnwbjw]\"\n    placeholder=\"\"\n    value=\"\"\n                \n        \n        \n    required\n>\n\n\n    \n    \n<\/div>\n\n\n<div class=\"breakdance-form-field breakdance-form-field--text\" >\n    \n    \n            <label class=\"breakdance-form-field__label\" for=\"xqghkv\">\n            City<span class=\"breakdance-form-field__required\">*<\/span>\n        <\/label>\n    \n    <input\n    class=\"breakdance-form-field__input\"\n    id=\"xqghkv\"\n    aria-describedby=\"xqghkv\"\n    type=\"text\"\n    name=\"fields[xqghkv]\"\n    placeholder=\"\"\n    value=\"\"\n                \n        \n        \n    required\n>\n\n\n    \n    \n<\/div>\n\n\n<div class=\"breakdance-form-field breakdance-form-field--number\" >\n    \n    \n            <label class=\"breakdance-form-field__label\" for=\"idwfbs\">\n            No. of properties<span class=\"breakdance-form-field__required\">*<\/span>\n        <\/label>\n    \n    <input\n    class=\"breakdance-form-field__input\"\n    id=\"idwfbs\"\n    aria-describedby=\"idwfbs\"\n    type=\"number\"\n    name=\"fields[idwfbs]\"\n    placeholder=\"\"\n    value=\"\"\n                \n        \n        \n    required\n>\n\n\n    \n    \n<\/div>\n\n\n<div class=\"breakdance-form-field breakdance-form-field--radio\" >\n    \n    \n    \n      <fieldset role=\"radiogroup\"\n          aria-label=\"Typology\"\n      >\n          <legend class=\"breakdance-form-field__label\">Typology<span class=\"breakdance-form-field__required\">*<\/span><\/legend>\n                <div class=\"breakdance-form-radio\">\n            <input\n                type=\"radio\"\n                name=\"fields[umqwcn][]\"\n                value=\"Apartamento\"\n                id=\"umqwcn-1\"\n                required\n>\n            <label class=\"breakdance-form-radio__text\" for=\"umqwcn-1\">Flat<\/label>\n        <\/div>\n            <div class=\"breakdance-form-radio\">\n            <input\n                type=\"radio\"\n                name=\"fields[umqwcn][]\"\n                value=\"Casa independiente\"\n                id=\"umqwcn-2\"\n                required\n>\n            <label class=\"breakdance-form-radio__text\" for=\"umqwcn-2\">Detached house<\/label>\n        <\/div>\n            <div class=\"breakdance-form-radio\">\n            <input\n                type=\"radio\"\n                name=\"fields[umqwcn][]\"\n                value=\"Bed and Breakfast\"\n                id=\"umqwcn-3\"\n                required\n>\n            <label class=\"breakdance-form-radio__text\" for=\"umqwcn-3\">Bed &amp; Breakfast<\/label>\n        <\/div>\n            <div class=\"breakdance-form-radio\">\n            <input\n                type=\"radio\"\n                name=\"fields[umqwcn][]\"\n                value=\"Villa\"\n                id=\"umqwcn-4\"\n                required\n>\n            <label class=\"breakdance-form-radio__text\" for=\"umqwcn-4\">Villa<\/label>\n        <\/div>\n      <\/fieldset>\n\n\n    \n    \n<\/div>\n\n\n<div class=\"breakdance-form-field breakdance-form-field--checkbox\" >\n    \n    \n    \n    <fieldset role=\"group\"\n    aria-label=\"Privacy Policy: I have read and accept the Privacy Policy\"\n    >\n       <legend class=\"breakdance-form-field__label\">Privacy Policy: I have read and accepted the <a href=\"\/en\/privacy-policy\/\">Privacy Policy<\/a><\/legend>\n          <div class=\"breakdance-form-checkbox\">\n          <input\n              type=\"checkbox\"\n              name=\"fields[jhdcbs]\"\n              value=\"Acepto la Privacy Policy\"\n              id=\"jhdcbs-1\"\n              \n                        >\n          <label class=\"breakdance-form-checkbox__text\" for=\"jhdcbs-1\">I accept the Privacy Policy<\/label>\n      <\/div>\n  <\/fieldset>\n\n\n\n    \n    \n<\/div>\n\n\n  \n\n<div class=\"breakdance-form-field breakdance-form-footer\">\n    \n    \n                                    \n    \n    \n    \n    \n            \n            <button type=\"submit\" class=\"button-atom button-atom--primary breakdance-form-button breakdance-form-button__submit\"  >\n    \n        <span class=\"button-atom__text\">Send request<\/span>\n\n        \n        \n            <\/button>\n    \n    <input type=\"hidden\" name=\"form_id\" value=\"124\">\n    <input type=\"hidden\" name=\"post_id\" value=\"2153\">\n<\/div>\n\n  \n<input type=\"hidden\" name=\"trp-form-language\" value=\"en\"\/><\/form>\n\n\n<\/div>\n<\/div>\n<\/div><\/div><\/div>\n<\/section>","protected":false},"excerpt":{"rendered":"<p>Property management \u00bfPosees una propiedad en Sevilla? Cont\u00e1ctanos ahora Los expertos en gesti\u00f3n inmobiliaria en Sevilla Gracias a nuestros servicios de gesti\u00f3n inmobiliaria, sacamos el m\u00e1ximo partido al potencial de tu propiedad, optimizando los ingresos por alquileres a corto plazo. Nos ocupamos de todos los detalles operativos, garantizando altos est\u00e1ndares y hu\u00e9spedes cuidadosamente seleccionados. Revenue [&hellip;]<\/p>","protected":false},"author":2,"featured_media":0,"parent":0,"menu_order":0,"comment_status":"closed","ping_status":"closed","template":"","meta":{"_breakdance_hide_in_design_set":false,"_breakdance_tags":"","footnotes":""},"class_list":["post-2153","page","type-page","status-publish","hentry"],"_links":{"self":[{"href":"https:\/\/apartamentoturisticosevilla.com\/en\/wp-json\/wp\/v2\/pages\/2153","targetHints":{"allow":["GET"]}}],"collection":[{"href":"https:\/\/apartamentoturisticosevilla.com\/en\/wp-json\/wp\/v2\/pages"}],"about":[{"href":"https:\/\/apartamentoturisticosevilla.com\/en\/wp-json\/wp\/v2\/types\/page"}],"author":[{"embeddable":true,"href":"https:\/\/apartamentoturisticosevilla.com\/en\/wp-json\/wp\/v2\/users\/2"}],"replies":[{"embeddable":true,"href":"https:\/\/apartamentoturisticosevilla.com\/en\/wp-json\/wp\/v2\/comments?post=2153"}],"version-history":[{"count":6,"href":"https:\/\/apartamentoturisticosevilla.com\/en\/wp-json\/wp\/v2\/pages\/2153\/revisions"}],"predecessor-version":[{"id":2161,"href":"https:\/\/apartamentoturisticosevilla.com\/en\/wp-json\/wp\/v2\/pages\/2153\/revisions\/2161"}],"wp:attachment":[{"href":"https:\/\/apartamentoturisticosevilla.com\/en\/wp-json\/wp\/v2\/media?parent=2153"}],"curies":[{"name":"wp","href":"https:\/\/api.w.org\/{rel}","templated":true}]}}